{"id":9,"date":"2018-09-18T13:57:59","date_gmt":"2018-09-18T13:57:59","guid":{"rendered":"http:\/\/smesas.com\/?page_id=9"},"modified":"2018-09-18T13:57:59","modified_gmt":"2018-09-18T13:57:59","slug":"pradinis","status":"publish","type":"page","link":"https:\/\/smesas.com\/","title":{"rendered":"Pradinis"},"content":{"rendered":"<p>Tai J\u016bs\u0173 naujasis tinklalapis! Dabar matote pradin\u012f puslap\u012f, kur\u012f da\u017eniausiai matys lankytojai, u\u017esuk\u0119 \u012f J\u016bs\u0173 tinklalap\u012f pirm\u0105 kart\u0105.<\/p>\n","protected":false},"excerpt":{"rendered":"<p>Tai J\u016bs\u0173 naujasis tinklalapis! Dabar matote pradin\u012f puslap\u012f, kur\u012f da\u017eniausiai matys lankytojai, u\u017esuk\u0119 \u012f J\u016bs\u0173 tinklalap\u012f pirm\u0105 kart\u0105.<\/p>\n","protected":false},"author":1,"featured_media":0,"parent":0,"menu_order":0,"comment_status":"closed","ping_status":"closed","template":"","meta":{"_acf_changed":false,"footnotes":""},"class_list":["post-9","page","type-page","status-publish","hentry"],"acf":[],"jetpack_sharing_enabled":true,"_links":{"self":[{"href":"https:\/\/smesas.com\/index.php\/wp-json\/wp\/v2\/pages\/9","targetHints":{"allow":["GET"]}}],"collection":[{"href":"https:\/\/smesas.com\/index.php\/wp-json\/wp\/v2\/pages"}],"about":[{"href":"https:\/\/smesas.com\/index.php\/wp-json\/wp\/v2\/types\/page"}],"author":[{"embeddable":true,"href":"https:\/\/smesas.com\/index.php\/wp-json\/wp\/v2\/users\/1"}],"replies":[{"embeddable":true,"href":"https:\/\/smesas.com\/index.php\/wp-json\/wp\/v2\/comments?post=9"}],"version-history":[{"count":2,"href":"https:\/\/smesas.com\/index.php\/wp-json\/wp\/v2\/pages\/9\/revisions"}],"predecessor-version":[{"id":57,"href":"https:\/\/smesas.com\/index.php\/wp-json\/wp\/v2\/pages\/9\/revisions\/57"}],"wp:attachment":[{"href":"https:\/\/smesas.com\/index.php\/wp-json\/wp\/v2\/media?parent=9"}],"curies":[{"name":"wp","href":"https:\/\/api.w.org\/{rel}","templated":true}]}}